{"id":21,"date":"2024-11-30T18:21:13","date_gmt":"2024-11-30T17:21:13","guid":{"rendered":"https:\/\/eudi.200.solutions\/?page_id=21"},"modified":"2024-12-10T23:17:26","modified_gmt":"2024-12-10T22:17:26","slug":"o-lms","status":"publish","type":"page","link":"https:\/\/eudi.200.solutions\/?page_id=21","title":{"rendered":"O LMS"},"content":{"rendered":"<section class=\"bde-section-21-167 bde-section\">\n  \n\t\n\n\n\n<div class=\"section-container\"><h2 class=\"bde-heading-21-168 bde-heading\">\nJak n\u00e1\u0161 syst\u00e9m funguje\n<\/h2><div class=\"bde-text-21-169 bde-text\">\n<span style=\"color: #51ACD9;\">LMS vyu\u017e\u00edv\u00e1 princip Zoetrope<\/span>, prvn\u00edho anima\u010dn\u00edho za\u0159\u00edzen\u00ed na sv\u011bt\u011b, kter\u00fd vych\u00e1z\u00ed z principu \u201esetrva\u010dnosti vid\u011bn\u00ed\u201c na\u0161eho mozku. Tento princip jsme modernizovali a implementovali na na\u0161i technologii, kde <span style=\"color: #51ACD9;\">videa a animace rozkl\u00e1d\u00e1me na 480 LED panel\u016f<\/span>. Kdy\u017e jsou statick\u00e9 obr\u00e1zky spr\u00e1vn\u011b se\u0159azeny, n\u00e1\u0161 mozek je spoj\u00ed do plynul\u00e9 sekvence a vytvo\u0159\u00ed iluzi pohybu.\n<\/div><div class=\"bde-code-block-21-170 bde-code-block\">\n\n  <div class=\"video-container\">\n    <video id=\"video\" autoplay controls loop muted>\n      <source src=\"https:\/\/eudi.200.solutions\/wp-content\/uploads\/2024\/12\/dejvicka.mp4\" type=\"video\/mp4\">\n      V\u00e1\u0161 prohl\u00ed\u017ee\u010d nepodporuje p\u0159ehr\u00e1v\u00e1n\u00ed vide\u00ed.\n    <\/video>\n  <\/div>\n\n\n<\/div><\/div>\n<\/section><section class=\"bde-section-21-171 bde-section\">\n  \n\t\n\n\n\n<div class=\"section-container\"><h2 class=\"bde-heading-21-172 bde-heading\">\nV\u00fdhody LMS\n<\/h2><div class=\"bde-columns-21-173 bde-columns\"><div class=\"bde-column-21-174 bde-column\">\n  \n\t\n\n\n\n<div class=\"bde-div-21-175 bde-div\">\n  \n\t\n\n\n\n<div class=\"bde-icon-21-176 bde-icon\">\n\n    \n            <div class=\"bde-icon-icon breakdance-icon-atom\" >\n    \n                    <svg xmlns=\"http:\/\/www.w3.org\/2000\/svg\" xmlns:xlink=\"http:\/\/www.w3.org\/1999\/xlink\" fill=\"#000000\" version=\"1.1\" id=\"Capa_1\" width=\"800px\" height=\"800px\" viewBox=\"0 0 305.002 305.002\" xml:space=\"preserve\">\r\n<g>\r\n\t<g>\r\n\t\t<path d=\"M152.502,0.001C68.412,0.001,0,68.412,0,152.501s68.412,152.5,152.502,152.5c84.089,0,152.5-68.411,152.5-152.5    S236.591,0.001,152.502,0.001z M152.502,280.001C82.197,280.001,25,222.806,25,152.501c0-70.304,57.197-127.5,127.502-127.5    c70.304,0,127.5,57.196,127.5,127.5C280.002,222.806,222.806,280.001,152.502,280.001z\"\/>\r\n\t\t<path d=\"M218.473,93.97l-90.546,90.547l-41.398-41.398c-4.882-4.881-12.796-4.881-17.678,0c-4.881,4.882-4.881,12.796,0,17.678    l50.237,50.237c2.441,2.44,5.64,3.661,8.839,3.661c3.199,0,6.398-1.221,8.839-3.661l99.385-99.385    c4.881-4.882,4.881-12.796,0-17.678C231.269,89.089,223.354,89.089,218.473,93.97z\"\/>\r\n\t<\/g>\r\n<\/g>\r\n<\/svg>\n        \n        \n        \n            <\/div>\n    \n\n\n<\/div><div class=\"bde-text-21-177 bde-text\">\nInovativn\u00ed syst\u00e9m napl\u0148uj\u00edc\u00ed vizi smart city\n<\/div>\n<\/div>\n<\/div><div class=\"bde-column-21-178 bde-column\">\n  \n\t\n\n\n\n<div class=\"bde-div-21-179 bde-div\">\n  \n\t\n\n\n\n<div class=\"bde-icon-21-180 bde-icon\">\n\n    \n            <div class=\"bde-icon-icon breakdance-icon-atom\" >\n    \n                    <svg xmlns=\"http:\/\/www.w3.org\/2000\/svg\" xmlns:xlink=\"http:\/\/www.w3.org\/1999\/xlink\" fill=\"#000000\" version=\"1.1\" id=\"Capa_1\" width=\"800px\" height=\"800px\" viewBox=\"0 0 305.002 305.002\" xml:space=\"preserve\">\r\n<g>\r\n\t<g>\r\n\t\t<path d=\"M152.502,0.001C68.412,0.001,0,68.412,0,152.501s68.412,152.5,152.502,152.5c84.089,0,152.5-68.411,152.5-152.5    S236.591,0.001,152.502,0.001z M152.502,280.001C82.197,280.001,25,222.806,25,152.501c0-70.304,57.197-127.5,127.502-127.5    c70.304,0,127.5,57.196,127.5,127.5C280.002,222.806,222.806,280.001,152.502,280.001z\"\/>\r\n\t\t<path d=\"M218.473,93.97l-90.546,90.547l-41.398-41.398c-4.882-4.881-12.796-4.881-17.678,0c-4.881,4.882-4.881,12.796,0,17.678    l50.237,50.237c2.441,2.44,5.64,3.661,8.839,3.661c3.199,0,6.398-1.221,8.839-3.661l99.385-99.385    c4.881-4.882,4.881-12.796,0-17.678C231.269,89.089,223.354,89.089,218.473,93.97z\"\/>\r\n\t<\/g>\r\n<\/g>\r\n<\/svg>\n        \n        \n        \n            <\/div>\n    \n\n\n<\/div><div class=\"bde-text-21-181 bde-text\">\nDigit\u00e1ln\u00ed full motion sd\u011blen\u00ed v re\u00e1ln\u00e9m \u010dase\n<\/div>\n<\/div>\n<\/div><div class=\"bde-column-21-182 bde-column\">\n  \n\t\n\n\n\n<div class=\"bde-div-21-183 bde-div\">\n  \n\t\n\n\n\n<div class=\"bde-icon-21-184 bde-icon\">\n\n    \n            <div class=\"bde-icon-icon breakdance-icon-atom\" >\n    \n                    <svg xmlns=\"http:\/\/www.w3.org\/2000\/svg\" xmlns:xlink=\"http:\/\/www.w3.org\/1999\/xlink\" fill=\"#000000\" version=\"1.1\" id=\"Capa_1\" width=\"800px\" height=\"800px\" viewBox=\"0 0 305.002 305.002\" xml:space=\"preserve\">\r\n<g>\r\n\t<g>\r\n\t\t<path d=\"M152.502,0.001C68.412,0.001,0,68.412,0,152.501s68.412,152.5,152.502,152.5c84.089,0,152.5-68.411,152.5-152.5    S236.591,0.001,152.502,0.001z M152.502,280.001C82.197,280.001,25,222.806,25,152.501c0-70.304,57.197-127.5,127.502-127.5    c70.304,0,127.5,57.196,127.5,127.5C280.002,222.806,222.806,280.001,152.502,280.001z\"\/>\r\n\t\t<path d=\"M218.473,93.97l-90.546,90.547l-41.398-41.398c-4.882-4.881-12.796-4.881-17.678,0c-4.881,4.882-4.881,12.796,0,17.678    l50.237,50.237c2.441,2.44,5.64,3.661,8.839,3.661c3.199,0,6.398-1.221,8.839-3.661l99.385-99.385    c4.881-4.882,4.881-12.796,0-17.678C231.269,89.089,223.354,89.089,218.473,93.97z\"\/>\r\n\t<\/g>\r\n<\/g>\r\n<\/svg>\n        \n        \n        \n            <\/div>\n    \n\n\n<\/div><div class=\"bde-text-21-185 bde-text\">\nPr\u030ci\u0301lez\u030citost monetizace dosud nevyuz\u030city\u0301ch prostor \u2013 tubusu\u030a metra\n<\/div>\n<\/div>\n<\/div><\/div><div class=\"bde-code-block-21-195 bde-code-block\">\n\n  <div class=\"video-container\">\n    <video id=\"video\" autoplay controls loop muted>\n      <source src=\"https:\/\/eudi.200.solutions\/wp-content\/uploads\/2024\/12\/Eudi_Hologram.mp4\" type=\"video\/mp4\">\n      V\u00e1\u0161 prohl\u00ed\u017ee\u010d nepodporuje p\u0159ehr\u00e1v\u00e1n\u00ed vide\u00ed.\n    <\/video>\n  <\/div>\n\n\n<\/div><\/div>\n<\/section><section class=\"bde-section-21-189 bde-section\">\n  \n\t\n\n\n\n<div class=\"section-container\"><div class=\"bde-columns-21-191 bde-columns\"><div class=\"bde-column-21-192 bde-column\">\n  \n\t\n\n\n\n<h2 class=\"bde-heading-21-187 bde-heading\">\nNa\u0161e mise\n<\/h2><div class=\"bde-text-21-188 bde-text\">\nPr\u030cine\u0301st revoluci v reklamni\u0301m pru\u030amyslu prostr\u030cednictvi\u0301m vyuz\u030ci\u0301va\u0301ni\u0301 s\u030cpic\u030ckovy\u0301ch technologii\u0301 k vytva\u0301r\u030ceni\u0301 smysluplny\u0301ch, nena\u0301padny\u0301ch a udrz\u030citelny\u0301ch reklamni\u0301ch r\u030ces\u030ceni\u0301, ktera\u0301 se r\u030ci\u0301di\u0301 za\u0301sadami implementace chytry\u0301ch me\u030cst a aktivne\u030c podporuji\u0301 vizi propojene\u030cjs\u030ci\u0301ho, informovane\u030cjs\u030ci\u0301ho a harmonicke\u0301ho me\u030cstske\u0301ho prostr\u030cedi\u0301.<br>\n<\/div>\n<\/div><div class=\"bde-column-21-193 bde-column\">\n  \n\t\n\n\n\n<div class=\"bde-code-block-21-190 bde-code-block\">\n\n  <iframe src='https:\/\/my.spline.design\/untitled-7684a4cb68e29e797f3101e724aa432e\/' frameborder='0' width='100%' height='550px' style=\"border-radius: 16px; overflow: hidden;\"><\/iframe>\n\n\n<\/div><div class=\"bde-text-21-194 bde-text\">\nZmen\u0161en\u00fd model technologie\n<\/div>\n<\/div><\/div><\/div>\n<\/section>","protected":false},"excerpt":{"rendered":"<p>Jak n\u00e1\u0161 syst\u00e9m funguje LMS vyu\u017e\u00edv\u00e1 princip Zoetrope, prvn\u00edho anima\u010dn\u00edho za\u0159\u00edzen\u00ed na sv\u011bt\u011b, kter\u00fd vych\u00e1z\u00ed z principu \u201esetrva\u010dnosti vid\u011bn\u00ed\u201c na\u0161eho mozku. Tento princip jsme modernizovali a implementovali na na\u0161i technologii, kde videa a animace rozkl\u00e1d\u00e1me na 480 LED panel\u016f. Kdy\u017e jsou statick\u00e9 obr\u00e1zky spr\u00e1vn\u011b se\u0159azeny, n\u00e1\u0161 mozek je spoj\u00ed do plynul\u00e9 sekvence a vytvo\u0159\u00ed iluzi [&hellip;]<\/p>\n","protected":false},"author":1,"featured_media":0,"parent":0,"menu_order":0,"comment_status":"closed","ping_status":"closed","template":"","meta":{"_acf_changed":false,"inline_featured_image":false,"_breakdance_hide_in_design_set":false,"_breakdance_tags":"","footnotes":""},"class_list":["post-21","page","type-page","status-publish","hentry"],"acf":[],"yoast_head":"<!-- This site is optimized with the Yoast SEO plugin v24.0 - https:\/\/yoast.com\/wordpress\/plugins\/seo\/ -->\n<title>O LMS - EUDI<\/title>\n<meta name=\"robots\" content=\"index, follow, max-snippet:-1, max-image-preview:large, max-video-preview:-1\" \/>\n<link rel=\"canonical\" href=\"https:\/\/eudi.200.solutions\/?page_id=21\" \/>\n<meta property=\"og:locale\" content=\"cs_CZ\" \/>\n<meta property=\"og:type\" content=\"article\" \/>\n<meta property=\"og:title\" content=\"O LMS - EUDI\" \/>\n<meta property=\"og:description\" content=\"Jak n\u00e1\u0161 syst\u00e9m funguje LMS vyu\u017e\u00edv\u00e1 princip Zoetrope, prvn\u00edho anima\u010dn\u00edho za\u0159\u00edzen\u00ed na sv\u011bt\u011b, kter\u00fd vych\u00e1z\u00ed z principu \u201esetrva\u010dnosti vid\u011bn\u00ed\u201c na\u0161eho mozku. Tento princip jsme modernizovali a implementovali na na\u0161i technologii, kde videa a animace rozkl\u00e1d\u00e1me na 480 LED panel\u016f. Kdy\u017e jsou statick\u00e9 obr\u00e1zky spr\u00e1vn\u011b se\u0159azeny, n\u00e1\u0161 mozek je spoj\u00ed do plynul\u00e9 sekvence a vytvo\u0159\u00ed iluzi [&hellip;]\" \/>\n<meta property=\"og:url\" content=\"https:\/\/eudi.200.solutions\/?page_id=21\" \/>\n<meta property=\"og:site_name\" content=\"EUDI\" \/>\n<meta property=\"article:modified_time\" content=\"2024-12-10T22:17:26+00:00\" \/>\n<meta name=\"twitter:card\" content=\"summary_large_image\" \/>\n<script type=\"application\/ld+json\" class=\"yoast-schema-graph\">{\"@context\":\"https:\/\/schema.org\",\"@graph\":[{\"@type\":\"WebPage\",\"@id\":\"https:\/\/eudi.200.solutions\/?page_id=21\",\"url\":\"https:\/\/eudi.200.solutions\/?page_id=21\",\"name\":\"O LMS - EUDI\",\"isPartOf\":{\"@id\":\"https:\/\/eudi.200.solutions\/#website\"},\"datePublished\":\"2024-11-30T17:21:13+00:00\",\"dateModified\":\"2024-12-10T22:17:26+00:00\",\"breadcrumb\":{\"@id\":\"https:\/\/eudi.200.solutions\/?page_id=21#breadcrumb\"},\"inLanguage\":\"cs\",\"potentialAction\":[{\"@type\":\"ReadAction\",\"target\":[\"https:\/\/eudi.200.solutions\/?page_id=21\"]}]},{\"@type\":\"BreadcrumbList\",\"@id\":\"https:\/\/eudi.200.solutions\/?page_id=21#breadcrumb\",\"itemListElement\":[{\"@type\":\"ListItem\",\"position\":1,\"name\":\"Dom\u016f\",\"item\":\"https:\/\/eudi.200.solutions\/\"},{\"@type\":\"ListItem\",\"position\":2,\"name\":\"O LMS\"}]},{\"@type\":\"WebSite\",\"@id\":\"https:\/\/eudi.200.solutions\/#website\",\"url\":\"https:\/\/eudi.200.solutions\/\",\"name\":\"EUDI\",\"description\":\"\",\"potentialAction\":[{\"@type\":\"SearchAction\",\"target\":{\"@type\":\"EntryPoint\",\"urlTemplate\":\"https:\/\/eudi.200.solutions\/?s={search_term_string}\"},\"query-input\":{\"@type\":\"PropertyValueSpecification\",\"valueRequired\":true,\"valueName\":\"search_term_string\"}}],\"inLanguage\":\"cs\"}]}<\/script>\n<!-- \/ Yoast SEO plugin. -->","yoast_head_json":{"title":"O LMS - EUDI","robots":{"index":"index","follow":"follow","max-snippet":"max-snippet:-1","max-image-preview":"max-image-preview:large","max-video-preview":"max-video-preview:-1"},"canonical":"https:\/\/eudi.200.solutions\/?page_id=21","og_locale":"cs_CZ","og_type":"article","og_title":"O LMS - EUDI","og_description":"Jak n\u00e1\u0161 syst\u00e9m funguje LMS vyu\u017e\u00edv\u00e1 princip Zoetrope, prvn\u00edho anima\u010dn\u00edho za\u0159\u00edzen\u00ed na sv\u011bt\u011b, kter\u00fd vych\u00e1z\u00ed z principu \u201esetrva\u010dnosti vid\u011bn\u00ed\u201c na\u0161eho mozku. Tento princip jsme modernizovali a implementovali na na\u0161i technologii, kde videa a animace rozkl\u00e1d\u00e1me na 480 LED panel\u016f. Kdy\u017e jsou statick\u00e9 obr\u00e1zky spr\u00e1vn\u011b se\u0159azeny, n\u00e1\u0161 mozek je spoj\u00ed do plynul\u00e9 sekvence a vytvo\u0159\u00ed iluzi [&hellip;]","og_url":"https:\/\/eudi.200.solutions\/?page_id=21","og_site_name":"EUDI","article_modified_time":"2024-12-10T22:17:26+00:00","twitter_card":"summary_large_image","schema":{"@context":"https:\/\/schema.org","@graph":[{"@type":"WebPage","@id":"https:\/\/eudi.200.solutions\/?page_id=21","url":"https:\/\/eudi.200.solutions\/?page_id=21","name":"O LMS - EUDI","isPartOf":{"@id":"https:\/\/eudi.200.solutions\/#website"},"datePublished":"2024-11-30T17:21:13+00:00","dateModified":"2024-12-10T22:17:26+00:00","breadcrumb":{"@id":"https:\/\/eudi.200.solutions\/?page_id=21#breadcrumb"},"inLanguage":"cs","potentialAction":[{"@type":"ReadAction","target":["https:\/\/eudi.200.solutions\/?page_id=21"]}]},{"@type":"BreadcrumbList","@id":"https:\/\/eudi.200.solutions\/?page_id=21#breadcrumb","itemListElement":[{"@type":"ListItem","position":1,"name":"Dom\u016f","item":"https:\/\/eudi.200.solutions\/"},{"@type":"ListItem","position":2,"name":"O LMS"}]},{"@type":"WebSite","@id":"https:\/\/eudi.200.solutions\/#website","url":"https:\/\/eudi.200.solutions\/","name":"EUDI","description":"","potentialAction":[{"@type":"SearchAction","target":{"@type":"EntryPoint","urlTemplate":"https:\/\/eudi.200.solutions\/?s={search_term_string}"},"query-input":{"@type":"PropertyValueSpecification","valueRequired":true,"valueName":"search_term_string"}}],"inLanguage":"cs"}]}},"_links":{"self":[{"href":"https:\/\/eudi.200.solutions\/index.php?rest_route=\/wp\/v2\/pages\/21","targetHints":{"allow":["GET"]}}],"collection":[{"href":"https:\/\/eudi.200.solutions\/index.php?rest_route=\/wp\/v2\/pages"}],"about":[{"href":"https:\/\/eudi.200.solutions\/index.php?rest_route=\/wp\/v2\/types\/page"}],"author":[{"embeddable":true,"href":"https:\/\/eudi.200.solutions\/index.php?rest_route=\/wp\/v2\/users\/1"}],"replies":[{"embeddable":true,"href":"https:\/\/eudi.200.solutions\/index.php?rest_route=%2Fwp%2Fv2%2Fcomments&post=21"}],"version-history":[{"count":23,"href":"https:\/\/eudi.200.solutions\/index.php?rest_route=\/wp\/v2\/pages\/21\/revisions"}],"predecessor-version":[{"id":1014,"href":"https:\/\/eudi.200.solutions\/index.php?rest_route=\/wp\/v2\/pages\/21\/revisions\/1014"}],"wp:attachment":[{"href":"https:\/\/eudi.200.solutions\/index.php?rest_route=%2Fwp%2Fv2%2Fmedia&parent=21"}],"curies":[{"name":"wp","href":"https:\/\/api.w.org\/{rel}","templated":true}]}}