{"id":23,"date":"2024-11-30T18:21:59","date_gmt":"2024-11-30T17:21:59","guid":{"rendered":"https:\/\/eudi.200.solutions\/?page_id=23"},"modified":"2024-12-09T05:56:06","modified_gmt":"2024-12-09T04:56:06","slug":"o-eudi","status":"publish","type":"page","link":"https:\/\/eudi.200.solutions\/?page_id=23","title":{"rendered":"O EUDI"},"content":{"rendered":"<section class=\"bde-section-23-100 bde-section\">\n  \n\t\n\n\n\n<div class=\"section-container\"><div class=\"bde-text-23-102 bde-text\">\n\u010cesk\u00fd technologick\u00fd startup European Digital Industries a.s. (EUDI) si klade za ci\u0301l kultivaci ver\u030cejne\u0301ho prostoru s du\u030arazem na zachova\u0301ni\u0301 jeho celkovy\u0301ch kvalit a historicke\u0301ho ra\u0301zu. S ohledem na tyto skutec\u030cnosti spolec\u030cnost vytvor\u030cila komplexni\u0301 syste\u0301m inovativni\u0301ch informac\u030cni\u0301ch nosic\u030cu\u030a, ktere\u0301 tento ci\u0301l zcela napln\u030cuji\u0301 a respektuji\u0301. Za\u0301kladni\u0301m prvkem vloz\u030ceny\u0301m do DNA EUDI je sledova\u0301ni\u0301 celosve\u030ctovy\u0301ch trendu\u030a v informac\u030cne\u030c-reklamni\u0301m segmentu a jejich na\u0301sledna\u0301 implementace na relevantni\u0301ch trzi\u0301ch.\n<\/div><\/div>\n<\/section><section class=\"bde-section-23-104 bde-section\">\n  \n\t\n\n\n\n<div class=\"section-container\"><h2 class=\"bde-heading-23-103 bde-heading\">\nSpole\u010densk\u00e1 odpov\u011bdnost \n<\/h2><div class=\"bde-text-23-105 bde-text\">\nEUDI povaz\u030cuje za naprosto kli\u0301c\u030cove\u0301, aby ves\u030ckere\u0301 technologie, ktere\u0301 nabi\u0301zi\u0301, spln\u030covaly pr\u030ci\u0301sne\u0301 normy bezpec\u030cnosti, kvality, enviromenta\u0301lni\u0301 udrz\u030citelnosti (net zero 2025) a pr\u030cedevs\u030ci\u0301m napln\u030covaly vizi Smart Cities 21. stoleti\u0301.<br>\n<\/div><\/div>\n<\/section>","protected":false},"excerpt":{"rendered":"<p>\u010cesk\u00fd technologick\u00fd startup European Digital Industries a.s. (EUDI) si klade za ci\u0301l kultivaci ver\u030cejne\u0301ho prostoru s du\u030arazem na zachova\u0301ni\u0301 jeho celkovy\u0301ch kvalit a historicke\u0301ho ra\u0301zu. S ohledem na tyto skutec\u030cnosti spolec\u030cnost vytvor\u030cila komplexni\u0301 syste\u0301m inovativni\u0301ch informac\u030cni\u0301ch nosic\u030cu\u030a, ktere\u0301 tento ci\u0301l zcela napln\u030cuji\u0301 a respektuji\u0301. Za\u0301kladni\u0301m prvkem vloz\u030ceny\u0301m do DNA EUDI je sledova\u0301ni\u0301 celosve\u030ctovy\u0301ch trendu\u030a v [&hellip;]<\/p>\n","protected":false},"author":1,"featured_media":0,"parent":0,"menu_order":0,"comment_status":"closed","ping_status":"closed","template":"","meta":{"_acf_changed":false,"inline_featured_image":false,"_breakdance_hide_in_design_set":false,"_breakdance_tags":"","footnotes":""},"class_list":["post-23","page","type-page","status-publish","hentry"],"acf":[],"yoast_head":"<!-- This site is optimized with the Yoast SEO plugin v24.0 - https:\/\/yoast.com\/wordpress\/plugins\/seo\/ -->\n<title>O EUDI - EUDI<\/title>\n<meta name=\"robots\" content=\"index, follow, max-snippet:-1, max-image-preview:large, max-video-preview:-1\" \/>\n<link rel=\"canonical\" href=\"https:\/\/eudi.200.solutions\/?page_id=23\" \/>\n<meta property=\"og:locale\" content=\"cs_CZ\" \/>\n<meta property=\"og:type\" content=\"article\" \/>\n<meta property=\"og:title\" content=\"O EUDI - EUDI\" \/>\n<meta property=\"og:description\" content=\"\u010cesk\u00fd technologick\u00fd startup European Digital Industries a.s. (EUDI) si klade za ci\u0301l kultivaci ver\u030cejne\u0301ho prostoru s du\u030arazem na zachova\u0301ni\u0301 jeho celkovy\u0301ch kvalit a historicke\u0301ho ra\u0301zu. S ohledem na tyto skutec\u030cnosti spolec\u030cnost vytvor\u030cila komplexni\u0301 syste\u0301m inovativni\u0301ch informac\u030cni\u0301ch nosic\u030cu\u030a, ktere\u0301 tento ci\u0301l zcela napln\u030cuji\u0301 a respektuji\u0301. Za\u0301kladni\u0301m prvkem vloz\u030ceny\u0301m do DNA EUDI je sledova\u0301ni\u0301 celosve\u030ctovy\u0301ch trendu\u030a v [&hellip;]\" \/>\n<meta property=\"og:url\" content=\"https:\/\/eudi.200.solutions\/?page_id=23\" \/>\n<meta property=\"og:site_name\" content=\"EUDI\" \/>\n<meta property=\"article:modified_time\" content=\"2024-12-09T04:56:06+00:00\" \/>\n<meta name=\"twitter:card\" content=\"summary_large_image\" \/>\n<script type=\"application\/ld+json\" class=\"yoast-schema-graph\">{\"@context\":\"https:\/\/schema.org\",\"@graph\":[{\"@type\":\"WebPage\",\"@id\":\"https:\/\/eudi.200.solutions\/?page_id=23\",\"url\":\"https:\/\/eudi.200.solutions\/?page_id=23\",\"name\":\"O EUDI - EUDI\",\"isPartOf\":{\"@id\":\"https:\/\/eudi.200.solutions\/#website\"},\"datePublished\":\"2024-11-30T17:21:59+00:00\",\"dateModified\":\"2024-12-09T04:56:06+00:00\",\"breadcrumb\":{\"@id\":\"https:\/\/eudi.200.solutions\/?page_id=23#breadcrumb\"},\"inLanguage\":\"cs\",\"potentialAction\":[{\"@type\":\"ReadAction\",\"target\":[\"https:\/\/eudi.200.solutions\/?page_id=23\"]}]},{\"@type\":\"BreadcrumbList\",\"@id\":\"https:\/\/eudi.200.solutions\/?page_id=23#breadcrumb\",\"itemListElement\":[{\"@type\":\"ListItem\",\"position\":1,\"name\":\"Dom\u016f\",\"item\":\"https:\/\/eudi.200.solutions\/\"},{\"@type\":\"ListItem\",\"position\":2,\"name\":\"O EUDI\"}]},{\"@type\":\"WebSite\",\"@id\":\"https:\/\/eudi.200.solutions\/#website\",\"url\":\"https:\/\/eudi.200.solutions\/\",\"name\":\"EUDI\",\"description\":\"\",\"potentialAction\":[{\"@type\":\"SearchAction\",\"target\":{\"@type\":\"EntryPoint\",\"urlTemplate\":\"https:\/\/eudi.200.solutions\/?s={search_term_string}\"},\"query-input\":{\"@type\":\"PropertyValueSpecification\",\"valueRequired\":true,\"valueName\":\"search_term_string\"}}],\"inLanguage\":\"cs\"}]}<\/script>\n<!-- \/ Yoast SEO plugin. -->","yoast_head_json":{"title":"O EUDI - EUDI","robots":{"index":"index","follow":"follow","max-snippet":"max-snippet:-1","max-image-preview":"max-image-preview:large","max-video-preview":"max-video-preview:-1"},"canonical":"https:\/\/eudi.200.solutions\/?page_id=23","og_locale":"cs_CZ","og_type":"article","og_title":"O EUDI - EUDI","og_description":"\u010cesk\u00fd technologick\u00fd startup European Digital Industries a.s. (EUDI) si klade za ci\u0301l kultivaci ver\u030cejne\u0301ho prostoru s du\u030arazem na zachova\u0301ni\u0301 jeho celkovy\u0301ch kvalit a historicke\u0301ho ra\u0301zu. S ohledem na tyto skutec\u030cnosti spolec\u030cnost vytvor\u030cila komplexni\u0301 syste\u0301m inovativni\u0301ch informac\u030cni\u0301ch nosic\u030cu\u030a, ktere\u0301 tento ci\u0301l zcela napln\u030cuji\u0301 a respektuji\u0301. Za\u0301kladni\u0301m prvkem vloz\u030ceny\u0301m do DNA EUDI je sledova\u0301ni\u0301 celosve\u030ctovy\u0301ch trendu\u030a v [&hellip;]","og_url":"https:\/\/eudi.200.solutions\/?page_id=23","og_site_name":"EUDI","article_modified_time":"2024-12-09T04:56:06+00:00","twitter_card":"summary_large_image","schema":{"@context":"https:\/\/schema.org","@graph":[{"@type":"WebPage","@id":"https:\/\/eudi.200.solutions\/?page_id=23","url":"https:\/\/eudi.200.solutions\/?page_id=23","name":"O EUDI - EUDI","isPartOf":{"@id":"https:\/\/eudi.200.solutions\/#website"},"datePublished":"2024-11-30T17:21:59+00:00","dateModified":"2024-12-09T04:56:06+00:00","breadcrumb":{"@id":"https:\/\/eudi.200.solutions\/?page_id=23#breadcrumb"},"inLanguage":"cs","potentialAction":[{"@type":"ReadAction","target":["https:\/\/eudi.200.solutions\/?page_id=23"]}]},{"@type":"BreadcrumbList","@id":"https:\/\/eudi.200.solutions\/?page_id=23#breadcrumb","itemListElement":[{"@type":"ListItem","position":1,"name":"Dom\u016f","item":"https:\/\/eudi.200.solutions\/"},{"@type":"ListItem","position":2,"name":"O EUDI"}]},{"@type":"WebSite","@id":"https:\/\/eudi.200.solutions\/#website","url":"https:\/\/eudi.200.solutions\/","name":"EUDI","description":"","potentialAction":[{"@type":"SearchAction","target":{"@type":"EntryPoint","urlTemplate":"https:\/\/eudi.200.solutions\/?s={search_term_string}"},"query-input":{"@type":"PropertyValueSpecification","valueRequired":true,"valueName":"search_term_string"}}],"inLanguage":"cs"}]}},"_links":{"self":[{"href":"https:\/\/eudi.200.solutions\/index.php?rest_route=\/wp\/v2\/pages\/23","targetHints":{"allow":["GET"]}}],"collection":[{"href":"https:\/\/eudi.200.solutions\/index.php?rest_route=\/wp\/v2\/pages"}],"about":[{"href":"https:\/\/eudi.200.solutions\/index.php?rest_route=\/wp\/v2\/types\/page"}],"author":[{"embeddable":true,"href":"https:\/\/eudi.200.solutions\/index.php?rest_route=\/wp\/v2\/users\/1"}],"replies":[{"embeddable":true,"href":"https:\/\/eudi.200.solutions\/index.php?rest_route=%2Fwp%2Fv2%2Fcomments&post=23"}],"version-history":[{"count":5,"href":"https:\/\/eudi.200.solutions\/index.php?rest_route=\/wp\/v2\/pages\/23\/revisions"}],"predecessor-version":[{"id":903,"href":"https:\/\/eudi.200.solutions\/index.php?rest_route=\/wp\/v2\/pages\/23\/revisions\/903"}],"wp:attachment":[{"href":"https:\/\/eudi.200.solutions\/index.php?rest_route=%2Fwp%2Fv2%2Fmedia&parent=23"}],"curies":[{"name":"wp","href":"https:\/\/api.w.org\/{rel}","templated":true}]}}