{"id":25,"date":"2024-11-30T18:22:09","date_gmt":"2024-11-30T17:22:09","guid":{"rendered":"https:\/\/eudi.200.solutions\/?page_id=25"},"modified":"2024-12-10T19:52:50","modified_gmt":"2024-12-10T18:52:50","slug":"kontakt","status":"publish","type":"page","link":"https:\/\/eudi.200.solutions\/?page_id=25","title":{"rendered":"Kontakt"},"content":{"rendered":"<section class=\"bde-section-25-100 bde-section\">\n  \n\t\n\n\n\n<div class=\"section-container\"><div class=\"bde-div-25-117 bde-div card-wrapper\">\n  \n\t\n\n\n\n<div class=\"bde-div-25-118 bde-div card\">\n  \n\t\n\n\n\n<div id=\"map\" class=\"bde-div-25-129 bde-div\">\n  \n\t\n\n\n\n<div class=\"bde-div-25-130 bde-div\">\n  \n\t\n\n\n\n<h4 class=\"bde-heading-25-131 bde-heading\">\nKontaktn\u00ed informace\n<\/h4><div class=\"bde-text-25-132 bde-text\">\nEuropean Digital Industries a.s. \n<\/div><div class=\"bde-div-25-133 bde-div\">\n  \n\t\n\n\n\n<div class=\"bde-icon-25-134 bde-icon\">\n\n    \n            <div class=\"bde-icon-icon breakdance-icon-atom\" >\n    \n                    <svg xmlns=\"http:\/\/www.w3.org\/2000\/svg\" viewBox=\"0 0 512 512\"><!-- Font Awesome Free 5.15.1 by @fontawesome - https:\/\/fontawesome.com License - https:\/\/fontawesome.com\/license\/free (Icons: CC BY 4.0, Fonts: SIL OFL 1.1, Code: MIT License) --><path d=\"M497.39 361.8l-112-48a24 24 0 0 0-28 6.9l-49.6 60.6A370.66 370.66 0 0 1 130.6 204.11l60.6-49.6a23.94 23.94 0 0 0 6.9-28l-48-112A24.16 24.16 0 0 0 122.6.61l-104 24A24 24 0 0 0 0 48c0 256.5 207.9 464 464 464a24 24 0 0 0 23.4-18.6l24-104a24.29 24.29 0 0 0-14.01-27.6z\"\/><\/svg>\n        \n        \n        \n            <\/div>\n    \n\n\n<\/div><a class=\"bde-text-link-25-135 bde-text-link breakdance-link\" href=\"https:\/\/breakdance.com\/\" target=\"_self\" data-type=\"url\">\n  +420 602 169 603\n\n<\/a>\n<\/div><div class=\"bde-div-25-136 bde-div\">\n  \n\t\n\n\n\n<div class=\"bde-icon-25-137 bde-icon\">\n\n    \n            <div class=\"bde-icon-icon breakdance-icon-atom\" >\n    \n                    <svg xmlns=\"http:\/\/www.w3.org\/2000\/svg\" viewBox=\"0 0 512 512\"><!-- Font Awesome Free 5.15.1 by @fontawesome - https:\/\/fontawesome.com License - https:\/\/fontawesome.com\/license\/free (Icons: CC BY 4.0, Fonts: SIL OFL 1.1, Code: MIT License) --><path d=\"M502.3 190.8c3.9-3.1 9.7-.2 9.7 4.7V400c0 26.5-21.5 48-48 48H48c-26.5 0-48-21.5-48-48V195.6c0-5 5.7-7.8 9.7-4.7 22.4 17.4 52.1 39.5 154.1 113.6 21.1 15.4 56.7 47.8 92.2 47.6 35.7.3 72-32.8 92.3-47.6 102-74.1 131.6-96.3 154-113.7zM256 320c23.2.4 56.6-29.2 73.4-41.4 132.7-96.3 142.8-104.7 173.4-128.7 5.8-4.5 9.2-11.5 9.2-18.9v-19c0-26.5-21.5-48-48-48H48C21.5 64 0 85.5 0 112v19c0 7.4 3.4 14.3 9.2 18.9 30.6 23.9 40.7 32.4 173.4 128.7 16.8 12.2 50.2 41.8 73.4 41.4z\"\/><\/svg>\n        \n        \n        \n            <\/div>\n    \n\n\n<\/div><a class=\"bde-text-link-25-138 bde-text-link breakdance-link\" href=\"mailto:info@eudi.cz\" target=\"_self\" data-type=\"url\">\n  info@eudi.cz\n\n<\/a>\n<\/div><div class=\"bde-text-25-139 bde-text\">\nTr\u017ei\u0161t\u011b 366\/13, 118 00 Mal\u00e1 strana. <br><br>Spole\u010dnost zapsan\u00e1 v\u00a0OR veden\u00e9m u M\u011bstsk\u00e9ho soudu v\u00a0Praze odd\u00edl B vlo\u017eka 23891<br><br>I\u010c: 07552793<br>DI\u010c: CZ07552793\n<\/div>\n<\/div>\n<\/div><div class=\"bde-code-block-25-116 bde-code-block\">\n\n  <!-- Includes MapBox GL JS -->\n<script src='https:\/\/api.mapbox.com\/mapbox-gl-js\/v3.2.0\/mapbox-gl.js'><\/script>\n\n<!-- Activate map -->\n<script>  \n    mapboxgl.accessToken = 'pk.eyJ1IjoibWtlaWRhIiwiYSI6ImNsc3ZzZ3U2djBpazQya3FrM2VvZWIxd3oifQ.on_QuxQ3Fz5GMAljYJk7Rw';\n\tlet map = new mapboxgl.Map({\n\t\tcontainer: 'map', \n\t\tcenter: [14.40196, 50.08737],\n\t\tpitch: 72,\n\t\tzoom: 16.6,\n\t\tantialias: true,\n\t\tstyle: 'mapbox:\/\/styles\/mkeida\/cltugqbxx015k01pk05ls8x97'\n\t});\n\n\t\/\/ When map style is loaded\n\tmap.on('style.load', () => {\n        \/\/ Zapne rotaci kamery\n        rotateCamera(290, .025);\n\n        \/\/ Nastav\u00ed sv\u011btelnostn\u00ed podm\u00ednky\n        let currentTime = new Date().getHours();\n      \n       map.setConfigProperty('basemap', 'lightPreset', 'night');\n\t});\n\n    function rotateCamera(startBearing, speed) {\n        let bearing = startBearing;\n    \n        function animate() {\n            bearing += speed; \/\/ Increment bearing by 1 degree\n            map.rotateTo(bearing, { duration: 0 });\n    \n            requestAnimationFrame(animate);\n        }\n    \n        \/\/ Start the animation\n        animate();\n    }\n\n    \/\/ P\u0159id\u00e1n\u00ed PNG markeru\n    let marker = new mapboxgl.Marker({\n        offset: [0, -24],\n        color: '#FFFFFF',  \/\/ Barva \u0161ipky\n        \/\/ Specifikace obr\u00e1zku\n        element: createCustomMarker('\/wp-content\/uploads\/2024\/12\/map_marker.png')\n    }).setLngLat([14.40196, 50.08737]).addTo(map);\n    \n    \/\/ Funkce pro vytvo\u0159en\u00ed vlastn\u00edho markeru z URL obr\u00e1zku\n    function createCustomMarker(url) {\n        let el = document.createElement('div');\n        el.className = 'marker';\n        el.style.pointerEvents = 'none';\n        el.style.backgroundImage = 'url(' + url + ')';\n        el.style.backgroundSize = 'contain';\n        el.style.backgroundRepeat = 'no-repeat';\n        el.style.width = '50px';  \/\/ \u0160\u00ed\u0159ka obr\u00e1zku\n        el.style.height = '50px'; \/\/ V\u00fd\u0161ka obr\u00e1zku\n        el.style.pointerEvents = \"none !important\";\n        return el;\n    }\n<\/script>\n\n<style>\n  #map {\n    pointer-events: none !important;\n  }\n\n  .mapboxgl-ctrl, .mapboxgl-ctrl-logo {\n    display: none !important;\n  }\n<\/style>\n\n\n<\/div>\n<\/div>\n<\/div><div class=\"bde-div-25-101 bde-div\">\n  \n\t\n\n\n\n<div class=\"bde-div-25-102 bde-div card-wrapper\">\n  \n\t\n\n\n\n<div class=\"bde-div-25-103 bde-div card\">\n  \n\t\n\n\n\n<div class=\"bde-div-25-106 bde-div card-shadow\">\n  \n\t\n\n\n\n\n<\/div><div class=\"bde-columns-25-107 bde-columns\"><div class=\"bde-column-25-108 bde-column\">\n  \n\t\n\n\n\n<h2 class=\"bde-heading-25-110 bde-heading\">\nNev\u00e1hejte se n\u00e1m ozvat!\n<\/h2><div class=\"bde-text-25-111 bde-text\">\nPot\u0159ebujete poradit nebo se chcete zeptat? R\u00e1di se V\u00e1m budeme v\u011bnovat! <br>\n<\/div><div class=\"bde-text-25-112 bde-text\">\nNem\u00e1te r\u00e1di formul\u00e1\u0159e?<br><a href='mailto:info@eudi.cz'>info@eudi.cz<\/a>\n<\/div>\n<\/div><div class=\"bde-column-25-109 bde-column\">\n  \n\t\n\n\n\n<div class=\"bde-form-builder-25-128 bde-form-builder\">\n\n\n<form id=\"contact-form128\" class=\"breakdance-form breakdance-form--vertical \" data-options=\"{&quot;slug&quot;:&quot;custom&quot;,&quot;name&quot;:&quot;Contact Form&quot;,&quot;ajaxUrl&quot;:&quot;https:\\\/\\\/eudi.200.solutions\\\/wp-admin\\\/admin-ajax.php&quot;,&quot;clearOnSuccess&quot;:true,&quot;hideOnSuccess&quot;:false,&quot;successMessage&quot;:&quot;D\\u011bkujeme za Va\\u0161\\u00ed zpr\\u00e1vu! Ozveme se V\\u00e1m co nejd\\u0159\\u00edve.&quot;,&quot;errorMessage&quot;:&quot;Bohu\\u017eel se n\\u011bco pokazilo.&quot;,&quot;redirect&quot;:false,&quot;redirectUrl&quot;:&quot;&quot;,&quot;customJavaScript&quot;:&quot;&quot;,&quot;recaptcha&quot;:{&quot;key&quot;:&quot;&quot;,&quot;enabled&quot;:false},&quot;honeypot_enabled&quot;:false,&quot;popupsOnSuccess&quot;:[],&quot;popupsOnError&quot;:[]}\" data-steps=\"0\" >\n  \n  \n  \n<div class=\"breakdance-form-field breakdance-form-field--text\" >\n    \n    \n            <label class=\"breakdance-form-field__label\" for=\"name\">\n            Jm\u00e9no<span class=\"breakdance-form-field__required\">*<\/span>\n        <\/label>\n    \n    <input\n    class=\"breakdance-form-field__input\"\n    id=\"name\"\n    aria-describedby=\"name\"\n    type=\"text\"\n    name=\"fields[name]\"\n    placeholder=\"\"\n    value=\"\"\n                \n        \n        \n    required\n    \n    \n>\n\n\n    \n    \n<\/div>\n\n\n<div class=\"breakdance-form-field breakdance-form-field--email\" >\n    \n    \n            <label class=\"breakdance-form-field__label\" for=\"email\">\n            Email<span class=\"breakdance-form-field__required\">*<\/span>\n        <\/label>\n    \n    <input\n    class=\"breakdance-form-field__input\"\n    id=\"email\"\n    aria-describedby=\"email\"\n    type=\"email\"\n    name=\"fields[email]\"\n    placeholder=\"\"\n    value=\"\"\n                \n        \n        \n    required\n    \n    \n>\n\n\n    \n    \n<\/div>\n\n\n<div class=\"breakdance-form-field breakdance-form-field--textarea\" >\n    \n    \n            <label class=\"breakdance-form-field__label\" for=\"message\">\n            Zpr\u00e1va<span class=\"breakdance-form-field__required\">*<\/span>\n        <\/label>\n    \n    <textarea\n    class=\"breakdance-form-field__input\"\n    id=\"message\"\n    aria-describedby=\"message\"\n    type=\"textarea\"\n    name=\"fields[message]\"\n        placeholder=\"\"\n    required\n    >\n<\/textarea>\n\n\n    \n    \n<\/div>\n\n\n  \n\n<div class=\"breakdance-form-field breakdance-form-footer\">\n    \n    \n                                    \n    \n    \n    \n    \n            \n            <button type=\"submit\" class=\"button-atom button-atom--primary breakdance-form-button breakdance-form-button__submit\"  >\n    \n        <span class=\"button-atom__text\">Odeslat<\/span>\n\n        \n        \n            <\/button>\n    \n    <input type=\"hidden\" name=\"form_id\" value=\"128\">\n    <input type=\"hidden\" name=\"post_id\" value=\"25\">\n<\/div>\n\n  \n<\/form>\n\n\n\n<\/div>\n<\/div><\/div>\n<\/div>\n<\/div>\n<\/div><\/div>\n<\/section>","protected":false},"excerpt":{"rendered":"<p>Kontaktn\u00ed informace European Digital Industries a.s. +420 602 169 603 info@eudi.cz Tr\u017ei\u0161t\u011b 366\/13, 118 00 Mal\u00e1 strana. Spole\u010dnost zapsan\u00e1 v\u00a0OR veden\u00e9m u M\u011bstsk\u00e9ho soudu v\u00a0Praze odd\u00edl B vlo\u017eka 23891I\u010c: 07552793DI\u010c: CZ07552793 Nev\u00e1hejte se n\u00e1m ozvat! Pot\u0159ebujete poradit nebo se chcete zeptat? R\u00e1di se V\u00e1m budeme v\u011bnovat! Nem\u00e1te r\u00e1di formul\u00e1\u0159e?info@eudi.cz Jm\u00e9no* Email* Zpr\u00e1va* Odeslat<\/p>\n","protected":false},"author":1,"featured_media":0,"parent":0,"menu_order":0,"comment_status":"closed","ping_status":"closed","template":"","meta":{"_acf_changed":false,"inline_featured_image":false,"_breakdance_hide_in_design_set":false,"_breakdance_tags":"","footnotes":""},"class_list":["post-25","page","type-page","status-publish","hentry"],"acf":[],"yoast_head":"<!-- This site is optimized with the Yoast SEO plugin v24.0 - https:\/\/yoast.com\/wordpress\/plugins\/seo\/ -->\n<title>Kontakt - EUDI<\/title>\n<meta name=\"robots\" content=\"index, follow, max-snippet:-1, max-image-preview:large, max-video-preview:-1\" \/>\n<link rel=\"canonical\" href=\"https:\/\/eudi.200.solutions\/?page_id=25\" \/>\n<meta property=\"og:locale\" content=\"cs_CZ\" \/>\n<meta property=\"og:type\" content=\"article\" \/>\n<meta property=\"og:title\" content=\"Kontakt - EUDI\" \/>\n<meta property=\"og:description\" content=\"Kontaktn\u00ed informace European Digital Industries a.s. +420 602 169 603 info@eudi.cz Tr\u017ei\u0161t\u011b 366\/13, 118 00 Mal\u00e1 strana. Spole\u010dnost zapsan\u00e1 v\u00a0OR veden\u00e9m u M\u011bstsk\u00e9ho soudu v\u00a0Praze odd\u00edl B vlo\u017eka 23891I\u010c: 07552793DI\u010c: CZ07552793 Nev\u00e1hejte se n\u00e1m ozvat! Pot\u0159ebujete poradit nebo se chcete zeptat? R\u00e1di se V\u00e1m budeme v\u011bnovat! Nem\u00e1te r\u00e1di formul\u00e1\u0159e?info@eudi.cz Jm\u00e9no* Email* Zpr\u00e1va* Odeslat\" \/>\n<meta property=\"og:url\" content=\"https:\/\/eudi.200.solutions\/?page_id=25\" \/>\n<meta property=\"og:site_name\" content=\"EUDI\" \/>\n<meta property=\"article:modified_time\" content=\"2024-12-10T18:52:50+00:00\" \/>\n<meta name=\"twitter:card\" content=\"summary_large_image\" \/>\n<script type=\"application\/ld+json\" class=\"yoast-schema-graph\">{\"@context\":\"https:\/\/schema.org\",\"@graph\":[{\"@type\":\"WebPage\",\"@id\":\"https:\/\/eudi.200.solutions\/?page_id=25\",\"url\":\"https:\/\/eudi.200.solutions\/?page_id=25\",\"name\":\"Kontakt - EUDI\",\"isPartOf\":{\"@id\":\"https:\/\/eudi.200.solutions\/#website\"},\"datePublished\":\"2024-11-30T17:22:09+00:00\",\"dateModified\":\"2024-12-10T18:52:50+00:00\",\"breadcrumb\":{\"@id\":\"https:\/\/eudi.200.solutions\/?page_id=25#breadcrumb\"},\"inLanguage\":\"cs\",\"potentialAction\":[{\"@type\":\"ReadAction\",\"target\":[\"https:\/\/eudi.200.solutions\/?page_id=25\"]}]},{\"@type\":\"BreadcrumbList\",\"@id\":\"https:\/\/eudi.200.solutions\/?page_id=25#breadcrumb\",\"itemListElement\":[{\"@type\":\"ListItem\",\"position\":1,\"name\":\"Dom\u016f\",\"item\":\"https:\/\/eudi.200.solutions\/\"},{\"@type\":\"ListItem\",\"position\":2,\"name\":\"Kontakt\"}]},{\"@type\":\"WebSite\",\"@id\":\"https:\/\/eudi.200.solutions\/#website\",\"url\":\"https:\/\/eudi.200.solutions\/\",\"name\":\"EUDI\",\"description\":\"\",\"potentialAction\":[{\"@type\":\"SearchAction\",\"target\":{\"@type\":\"EntryPoint\",\"urlTemplate\":\"https:\/\/eudi.200.solutions\/?s={search_term_string}\"},\"query-input\":{\"@type\":\"PropertyValueSpecification\",\"valueRequired\":true,\"valueName\":\"search_term_string\"}}],\"inLanguage\":\"cs\"}]}<\/script>\n<!-- \/ Yoast SEO plugin. -->","yoast_head_json":{"title":"Kontakt - EUDI","robots":{"index":"index","follow":"follow","max-snippet":"max-snippet:-1","max-image-preview":"max-image-preview:large","max-video-preview":"max-video-preview:-1"},"canonical":"https:\/\/eudi.200.solutions\/?page_id=25","og_locale":"cs_CZ","og_type":"article","og_title":"Kontakt - EUDI","og_description":"Kontaktn\u00ed informace European Digital Industries a.s. +420 602 169 603 info@eudi.cz Tr\u017ei\u0161t\u011b 366\/13, 118 00 Mal\u00e1 strana. Spole\u010dnost zapsan\u00e1 v\u00a0OR veden\u00e9m u M\u011bstsk\u00e9ho soudu v\u00a0Praze odd\u00edl B vlo\u017eka 23891I\u010c: 07552793DI\u010c: CZ07552793 Nev\u00e1hejte se n\u00e1m ozvat! Pot\u0159ebujete poradit nebo se chcete zeptat? R\u00e1di se V\u00e1m budeme v\u011bnovat! Nem\u00e1te r\u00e1di formul\u00e1\u0159e?info@eudi.cz Jm\u00e9no* Email* Zpr\u00e1va* Odeslat","og_url":"https:\/\/eudi.200.solutions\/?page_id=25","og_site_name":"EUDI","article_modified_time":"2024-12-10T18:52:50+00:00","twitter_card":"summary_large_image","schema":{"@context":"https:\/\/schema.org","@graph":[{"@type":"WebPage","@id":"https:\/\/eudi.200.solutions\/?page_id=25","url":"https:\/\/eudi.200.solutions\/?page_id=25","name":"Kontakt - EUDI","isPartOf":{"@id":"https:\/\/eudi.200.solutions\/#website"},"datePublished":"2024-11-30T17:22:09+00:00","dateModified":"2024-12-10T18:52:50+00:00","breadcrumb":{"@id":"https:\/\/eudi.200.solutions\/?page_id=25#breadcrumb"},"inLanguage":"cs","potentialAction":[{"@type":"ReadAction","target":["https:\/\/eudi.200.solutions\/?page_id=25"]}]},{"@type":"BreadcrumbList","@id":"https:\/\/eudi.200.solutions\/?page_id=25#breadcrumb","itemListElement":[{"@type":"ListItem","position":1,"name":"Dom\u016f","item":"https:\/\/eudi.200.solutions\/"},{"@type":"ListItem","position":2,"name":"Kontakt"}]},{"@type":"WebSite","@id":"https:\/\/eudi.200.solutions\/#website","url":"https:\/\/eudi.200.solutions\/","name":"EUDI","description":"","potentialAction":[{"@type":"SearchAction","target":{"@type":"EntryPoint","urlTemplate":"https:\/\/eudi.200.solutions\/?s={search_term_string}"},"query-input":{"@type":"PropertyValueSpecification","valueRequired":true,"valueName":"search_term_string"}}],"inLanguage":"cs"}]}},"_links":{"self":[{"href":"https:\/\/eudi.200.solutions\/index.php?rest_route=\/wp\/v2\/pages\/25","targetHints":{"allow":["GET"]}}],"collection":[{"href":"https:\/\/eudi.200.solutions\/index.php?rest_route=\/wp\/v2\/pages"}],"about":[{"href":"https:\/\/eudi.200.solutions\/index.php?rest_route=\/wp\/v2\/types\/page"}],"author":[{"embeddable":true,"href":"https:\/\/eudi.200.solutions\/index.php?rest_route=\/wp\/v2\/users\/1"}],"replies":[{"embeddable":true,"href":"https:\/\/eudi.200.solutions\/index.php?rest_route=%2Fwp%2Fv2%2Fcomments&post=25"}],"version-history":[{"count":67,"href":"https:\/\/eudi.200.solutions\/index.php?rest_route=\/wp\/v2\/pages\/25\/revisions"}],"predecessor-version":[{"id":971,"href":"https:\/\/eudi.200.solutions\/index.php?rest_route=\/wp\/v2\/pages\/25\/revisions\/971"}],"wp:attachment":[{"href":"https:\/\/eudi.200.solutions\/index.php?rest_route=%2Fwp%2Fv2%2Fmedia&parent=25"}],"curies":[{"name":"wp","href":"https:\/\/api.w.org\/{rel}","templated":true}]}}